{"id":8,"date":"2023-01-16T18:52:02","date_gmt":"2023-01-16T18:52:02","guid":{"rendered":"https:\/\/sleepy-hodgkin.176-9-174-196.plesk.page\/?page_id=8"},"modified":"2024-09-19T23:16:42","modified_gmt":"2024-09-19T23:16:42","slug":"elementor-8","status":"publish","type":"page","link":"https:\/\/pension-mansfeld.de\/","title":{"rendered":"Startseite"},"content":{"rendered":"<p><style>\/*! elementor - v3.10.0 - 09-01-2023 *\/<br \/>\n.elementor-column .elementor-spacer-inner{height:var(--spacer-size)}.e-con{--container-widget-width:100%}.e-con-inner>.elementor-widget-spacer,.e-con>.elementor-widget-spacer{width:var(--container-widget-width,var(--spacer-size));--align-self:var(--container-widget-align-self,initial);--flex-shrink:0}.e-con-inner>.elementor-widget-spacer>.elementor-widget-container,.e-con-inner>.elementor-widget-spacer>.elementor-widget-container>.elementor-spacer,.e-con>.elementor-widget-spacer>.elementor-widget-container,.e-con>.elementor-widget-spacer>.elementor-widget-container>.elementor-spacer{height:100%}.e-con-inner>.elementor-widget-spacer>.elementor-widget-container>.elementor-spacer>.elementor-spacer-inner,.e-con>.elementor-widget-spacer>.elementor-widget-container>.elementor-spacer>.elementor-spacer-inner{height:var(--container-widget-height,var(--spacer-size))}<\/style> <style>\/*! elementor - v3.10.0 - 09-01-2023 *\/<br \/>\n.elementor-heading-title{padding:0;margin:0;line-height:1}.elementor-widget-heading .elementor-heading-title[class*=elementor-size-]>a{color:inherit;font-size:inherit;line-height:inherit}.elementor-widget-heading .elementor-heading-title.elementor-size-small{font-size:15px}.elementor-widget-heading .elementor-heading-title.elementor-size-medium{font-size:19px}.elementor-widget-heading .elementor-heading-title.elementor-size-large{font-size:29px}.elementor-widget-heading .elementor-heading-title.elementor-size-xl{font-size:39px}.elementor-widget-heading .elementor-heading-title.elementor-size-xxl{font-size:59px}<\/style><\/p>\n<h5>\u00a0<\/h5>\n<h1 style=\"color: #3366cc; font-family: Verdana, Arial, Helvetica, sans-serif; white-space: normal;\">Herzlich Willkommen,<\/h1>\n<p>in der Pension Mansfeld in Krostitz im Ortsteil Priester. Wir halten Einzel- und Doppelzimmer f\u00fcr Sie bereit. Alle Zimmer haben eine eigene Dusche, ein eigenes WC und verf\u00fcgen \u00fcber kostenlosen WLAN-Zugriff. Haustiere und das Rauchen in den Zimmern sind nicht gestattet.<\/p>\n<p><style>\/*! elementor - v3.10.0 - 09-01-2023 *\/<br \/>\n.elementor-widget-image{text-align:center}.elementor-widget-image a{display:inline-block}.elementor-widget-image a img[src$=\".svg\"]{width:48px}.elementor-widget-image img{vertical-align:middle;display:inline-block}<\/style><\/p>\n<p>\u00a0<\/p>\n\n\n<figure class=\"wp-block-image aligncenter size-full\"><img loading=\"lazy\" decoding=\"async\" width=\"400\" height=\"262\" src=\"https:\/\/pension-mansfeld.de\/wp-content\/uploads\/2023\/01\/pension-1.gif\" alt=\"\" class=\"wp-image-11\"\/><\/figure>\n","protected":false},"excerpt":{"rendered":"<p>\u00a0 Herzlich Willkommen, in der Pension Mansfeld in Krostitz im Ortsteil Priester. Wir halten Einzel- und Doppelzimmer f\u00fcr Sie bereit. Alle Zimmer haben eine eigene [&#8230;]<\/p>\n","protected":false},"author":1,"featured_media":0,"parent":0,"menu_order":0,"comment_status":"closed","ping_status":"closed","template":"","meta":{"footnotes":""},"class_list":["post-8","page","type-page","status-publish","hentry"],"_links":{"self":[{"href":"https:\/\/pension-mansfeld.de\/index.php?rest_route=\/wp\/v2\/pages\/8","targetHints":{"allow":["GET"]}}],"collection":[{"href":"https:\/\/pension-mansfeld.de\/index.php?rest_route=\/wp\/v2\/pages"}],"about":[{"href":"https:\/\/pension-mansfeld.de\/index.php?rest_route=\/wp\/v2\/types\/page"}],"author":[{"embeddable":true,"href":"https:\/\/pension-mansfeld.de\/index.php?rest_route=\/wp\/v2\/users\/1"}],"replies":[{"embeddable":true,"href":"https:\/\/pension-mansfeld.de\/index.php?rest_route=%2Fwp%2Fv2%2Fcomments&post=8"}],"version-history":[{"count":15,"href":"https:\/\/pension-mansfeld.de\/index.php?rest_route=\/wp\/v2\/pages\/8\/revisions"}],"predecessor-version":[{"id":185,"href":"https:\/\/pension-mansfeld.de\/index.php?rest_route=\/wp\/v2\/pages\/8\/revisions\/185"}],"wp:attachment":[{"href":"https:\/\/pension-mansfeld.de\/index.php?rest_route=%2Fwp%2Fv2%2Fmedia&parent=8"}],"curies":[{"name":"wp","href":"https:\/\/api.w.org\/{rel}","templated":true}]}}